{"id":9413,"date":"2014-07-04T10:38:55","date_gmt":"2014-07-04T10:38:55","guid":{"rendered":"http:\/\/localhost:8888\/themes\/ventory\/?page_id=9413"},"modified":"2020-12-30T16:12:49","modified_gmt":"2020-12-30T15:12:49","slug":"about-us-classic","status":"publish","type":"page","link":"https:\/\/peinture-piron.be\/?page_id=9413","title":{"rendered":"Nos r\u00e9alisations"},"content":{"rendered":"[vc_row][vc_column width=&#8221;1\/1&#8243;]<h1 class=\"headline font-special fontsize-xl fontweight-600 lh-inherit align-center transform-uppercase \" style=\"margin: 20px 0 20px 20px;\">D\u00c9COUVREZ NOS R\u00c9ALISATIONS<\/h1><h2 class=\"headline font-inherit fontsize-m fontweight-500 lh-inherit align-center transform-uppercase \" style=\"margin: 0 40px 20px 40px;\">Si vous cherchez de l&#8217;inspiration, nous esp\u00e9rons que les images de nos pr\u00e9c\u00e9dents chantiers pourront vous aider dans vos futurs travaux.\r\n\r\nDe la peinture int\u00e9rieure \u00e0 la peinture ext\u00e9rieure en passant par la d\u00e9coration de fen\u00eatres, nous avons eu l&#8217;occasion de r\u00e9aliser de nombreux travaux !\r\n\r\n<\/h2>[\/vc_column][\/vc_row][vc_row][vc_column][vc_column_text]\r\n\r\n[\/vc_column_text][\/vc_column][\/vc_row][vc_row][vc_column column_padding=&#8221;padding-4&#8243; column_center=&#8221;true&#8221; width=&#8221;1\/1&#8243;]\n\t<div class=\"portfolio-element\">\n\n\t\n\t\t<div class=\"portfolio-filters\" data-id=\"1942341215\">\n\t\t\t<div class=\"container\">\n\t\t\t\t<div class=\"sixteen columns clearfix\">\n\t\t\t\t\t\t\t\t\t\t\t<ul class=\"clearfix\">\n\t\t\t\t\t\t\t<li><a href=\"#\" data-filter=\"*\" class=\"filter-all active\">All<\/a><\/li>\t\n\t\t\t\t\t\t\t\t\t\t\t\t\t\t\t\t\t\t\t\t\t\t\t<li><a href=\"#\" data-filter=\".term-chassis\">Ch\u00e2ssis<\/a><\/li>\n\t\t\t\t\t\t\t\t\t\t\t\t\t\t\t\t\t\t\t\t\t\t\t<li><a href=\"#\" data-filter=\".term-cloison-faux-plafond\">Cloison - Faux plafond<\/a><\/li>\n\t\t\t\t\t\t\t\t\t\t\t\t\t\t\t\t\t\t\t\t\t\t\t<li><a href=\"#\" data-filter=\".term-moulures\">Moulures<\/a><\/li>\n\t\t\t\t\t\t\t\t\t\t\t\t\t\t\t\t\t\t\t\t\t\t\t<li><a href=\"#\" data-filter=\".term-papier-peint\">Papier-peint<\/a><\/li>\n\t\t\t\t\t\t\t\t\t\t\t\t\t\t\t\t\t\t\t\t\t\t\t<li><a href=\"#\" data-filter=\".term-peinture-exterieure\">Peinture ext\u00e9rieure<\/a><\/li>\n\t\t\t\t\t\t\t\t\t\t\t\t\t\t\t\t\t\t\t\t\t\t\t<li><a href=\"#\" data-filter=\".term-peinture-interieure\">Peinture int\u00e9rieure<\/a><\/li>\n\t\t\t\t\t\t\t\t\t\t\t\t\t\t\t\t\t\t\t\t\t\t\t<li><a href=\"#\" data-filter=\".term-peinture-pour-professionel\">Peinture pour professionel<\/a><\/li>\n\t\t\t\t\t\t\t\t\t\t\t\t\t\t\t\t\t\t\t\t\t\t\t<li><a href=\"#\" data-filter=\".term-revetement-sol\">Rev\u00eatement sol<\/a><\/li>\n\t\t\t\t\t\t\t\t\t\t\t\t\t<\/ul>\n\t\t\t\t\t\t\t\t\t<\/div>\n\t\t\t<\/div>\n\t\t<\/div>\n\n\t\n\t\n\t\t\t\t<div id=\"1942341215\" class=\"portfolio-items portfolio-nomargin portfolio-overlay-name clearfix\" data-id=\"1942341215\">  \n\t\t\t\t\t\n\t\t\t\t\t\t\n\t\t\t\t\t\t\n\t\t\t\t\t\n\t\t\t\t\t\t\t\t\t\t\t\t\t\t\n\t\t\t\t\t\t\t   \n\n\t\t\t\t\t\t\t<div class=\"term-moulures portfolio-item nomargin\">\n\t\t\t\t\t\t\t\t<div class=\"portfolio-image\"><a href=\"https:\/\/peinture-piron.be\/?portfolio=moulures\" title=\"Moulures\"><div class=\"portfolio-image-img\"><img decoding=\"async\" src=\"https:\/\/peinture-piron.be\/wp-content\/uploads\/2020\/12\/Capture-e1609341067394.jpg\" alt=\"Moulures\" \/><\/div><div class=\"portfolio-overlay overlay-name\"><span>Moulures<\/span><i class=\"icon-minti-plus\"><\/i><\/div><\/a><\/div>\n\t\t\t\t\t\t\t<\/div>\n\n\t\t\t\t\t\t\t\t\t\t  \n\t\t\t\t\t\n\t\t\t\t\t\t\n\t\t\t\t\t\t\n\t\t\t\t\t\n\t\t\t\t\t\t\t\t\t\t\t\t\t\t\n\t\t\t\t\t\t\t   \n\n\t\t\t\t\t\t\t<div class=\"term-revetement-sol portfolio-item nomargin\">\n\t\t\t\t\t\t\t\t<div class=\"portfolio-image\"><a href=\"https:\/\/peinture-piron.be\/?portfolio=revetement-sol\" title=\"Rev\u00eatement sol\"><div class=\"portfolio-image-img\"><img decoding=\"async\" src=\"https:\/\/peinture-piron.be\/wp-content\/uploads\/2019\/08\/IMG_20170707_112413-600x400.jpg\" alt=\"Rev\u00eatement sol\" \/><\/div><div class=\"portfolio-overlay overlay-name\"><span>Rev\u00eatement sol<\/span><i class=\"icon-minti-plus\"><\/i><\/div><\/a><\/div>\n\t\t\t\t\t\t\t<\/div>\n\n\t\t\t\t\t\t\t\t\t\t  \n\t\t\t\t\t\n\t\t\t\t\t\t\n\t\t\t\t\t\t\n\t\t\t\t\t\n\t\t\t\t\t\t\t\t\t\t\t\t\t\t\n\t\t\t\t\t\t\t   \n\n\t\t\t\t\t\t\t<div class=\"term-peinture-pour-professionel portfolio-item nomargin\">\n\t\t\t\t\t\t\t\t<div class=\"portfolio-image\"><a href=\"https:\/\/peinture-piron.be\/?portfolio=peinture-pour-professionel\" title=\"Peinture pour professionel\"><div class=\"portfolio-image-img\"><img decoding=\"async\" src=\"https:\/\/peinture-piron.be\/wp-content\/uploads\/2019\/08\/IMG_20180419_170415-600x400.jpg\" alt=\"Peinture pour professionel\" \/><\/div><div class=\"portfolio-overlay overlay-name\"><span>Peinture pour professionel<\/span><i class=\"icon-minti-plus\"><\/i><\/div><\/a><\/div>\n\t\t\t\t\t\t\t<\/div>\n\n\t\t\t\t\t\t\t\t\t\t  \n\t\t\t\t\t\n\t\t\t\t\t\t\n\t\t\t\t\t\t\n\t\t\t\t\t\n\t\t\t\t\t\t\t\t\t\t\t\t\t\t\n\t\t\t\t\t\t\t   \n\n\t\t\t\t\t\t\t<div class=\"term-peinture-interieure portfolio-item nomargin\">\n\t\t\t\t\t\t\t\t<div class=\"portfolio-image\"><a href=\"https:\/\/peinture-piron.be\/?portfolio=salle-a-manger\" title=\"Salle \u00e0 manger\"><div class=\"portfolio-image-img\"><img decoding=\"async\" src=\"https:\/\/peinture-piron.be\/wp-content\/uploads\/2019\/08\/IMG_20170719_130445-600x400.jpg\" alt=\"Salle \u00e0 manger\" \/><\/div><div class=\"portfolio-overlay overlay-name\"><span>Salle \u00e0 manger<\/span><i class=\"icon-minti-plus\"><\/i><\/div><\/a><\/div>\n\t\t\t\t\t\t\t<\/div>\n\n\t\t\t\t\t\t\t\t\t\t  \n\t\t\t\t\t\n\t\t\t\t\t\t\n\t\t\t\t\t\t\n\t\t\t\t\t\n\t\t\t\t\t\t\t\t\t\t\t\t\t\t\n\t\t\t\t\t\t\t   \n\n\t\t\t\t\t\t\t<div class=\"term-peinture-interieure portfolio-item nomargin\">\n\t\t\t\t\t\t\t\t<div class=\"portfolio-image\"><a href=\"https:\/\/peinture-piron.be\/?portfolio=pistolage\" title=\"Pistolage\"><div class=\"portfolio-image-img\"><img decoding=\"async\" src=\"https:\/\/peinture-piron.be\/wp-content\/uploads\/2019\/08\/GOPR0211_1547312588780_high-600x400.jpg\" alt=\"Pistolage\" \/><\/div><div class=\"portfolio-overlay overlay-name\"><span>Pistolage<\/span><i class=\"icon-minti-plus\"><\/i><\/div><\/a><\/div>\n\t\t\t\t\t\t\t<\/div>\n\n\t\t\t\t\t\t\t\t\t\t  \n\t\t\t\t\t\n\t\t\t\t\t\t\n\t\t\t\t\t\t\n\t\t\t\t\t\n\t\t\t\t\t\t\t\t\t\t\t\t\t\t\n\t\t\t\t\t\t\t   \n\n\t\t\t\t\t\t\t<div class=\"term-peinture-interieure portfolio-item nomargin\">\n\t\t\t\t\t\t\t\t<div class=\"portfolio-image\"><a href=\"https:\/\/peinture-piron.be\/?portfolio=chambre-2\" title=\"Chambre\"><div class=\"portfolio-image-img\"><img decoding=\"async\" src=\"https:\/\/peinture-piron.be\/wp-content\/uploads\/2019\/08\/IMG_20171208_125321-600x400.jpg\" alt=\"Chambre\" \/><\/div><div class=\"portfolio-overlay overlay-name\"><span>Chambre<\/span><i class=\"icon-minti-plus\"><\/i><\/div><\/a><\/div>\n\t\t\t\t\t\t\t<\/div>\n\n\t\t\t\t\t\t\t\t\t\t  \n\t\t\t\t\t\n\t\t\t\t\t\t\n\t\t\t\t\t\t\n\t\t\t\t\t\n\t\t\t\t\t\t\t\t\t\t\t\t\t\t\n\t\t\t\t\t\t\t   \n\n\t\t\t\t\t\t\t<div class=\"term-peinture-interieure portfolio-item nomargin\">\n\t\t\t\t\t\t\t\t<div class=\"portfolio-image\"><a href=\"https:\/\/peinture-piron.be\/?portfolio=cage-descalier\" title=\"Cage d&#8217;escalier\"><div class=\"portfolio-image-img\"><img decoding=\"async\" src=\"https:\/\/peinture-piron.be\/wp-content\/uploads\/2019\/08\/20150320_152933-600x400.jpg\" alt=\"Cage d&#8217;escalier\" \/><\/div><div class=\"portfolio-overlay overlay-name\"><span>Cage d&#8217;escalier<\/span><i class=\"icon-minti-plus\"><\/i><\/div><\/a><\/div>\n\t\t\t\t\t\t\t<\/div>\n\n\t\t\t\t\t\t\t\t\t\t  \n\t\t\t\t\t\n\t\t\t\t\t\t\n\t\t\t\t\t\t\n\t\t\t\t\t\n\t\t\t\t\t\t\t\t\t\t\t\t\t\t\n\t\t\t\t\t\t\t   \n\n\t\t\t\t\t\t\t<div class=\"term-peinture-exterieure portfolio-item nomargin\">\n\t\t\t\t\t\t\t\t<div class=\"portfolio-image\"><a href=\"https:\/\/peinture-piron.be\/?portfolio=peinture-exterieure\" title=\"Peinture ext\u00e9rieure\"><div class=\"portfolio-image-img\"><img decoding=\"async\" src=\"https:\/\/peinture-piron.be\/wp-content\/uploads\/2019\/08\/IMG_20170608_083613-600x400.jpg\" alt=\"Peinture ext\u00e9rieure\" \/><\/div><div class=\"portfolio-overlay overlay-name\"><span>Peinture ext\u00e9rieure<\/span><i class=\"icon-minti-plus\"><\/i><\/div><\/a><\/div>\n\t\t\t\t\t\t\t<\/div>\n\n\t\t\t\t\t\t\t\t\t\t  \n\t\t\t\t\t\n\t\t\t\t\t\t\n\t\t\t\t\t\t\n\t\t\t\t\t\n\t\t\t\t\t\t\t\t\t\t\t\t\t\t\n\t\t\t\t\t\t\t   \n\n\t\t\t\t\t\t\t<div class=\"term-papier-peint portfolio-item nomargin\">\n\t\t\t\t\t\t\t\t<div class=\"portfolio-image\"><a href=\"https:\/\/peinture-piron.be\/?portfolio=salle-de-bain\" title=\"Salle de bain\"><div class=\"portfolio-image-img\"><img decoding=\"async\" src=\"https:\/\/peinture-piron.be\/wp-content\/uploads\/2019\/08\/IMG_20171211_115113-600x400.jpg\" alt=\"Salle de bain\" \/><\/div><div class=\"portfolio-overlay overlay-name\"><span>Salle de bain<\/span><i class=\"icon-minti-plus\"><\/i><\/div><\/a><\/div>\n\t\t\t\t\t\t\t<\/div>\n\n\t\t\t\t\t\t\t\t\t\t  \n\t\t\t\t\t\n\t\t\t\t\t\t\n\t\t\t\t\t\t\n\t\t\t\t\t\n\t\t\t\t\t\t\t\t\t\t\t\t\t\t\n\t\t\t\t\t\t\t   \n\n\t\t\t\t\t\t\t<div class=\"term-papier-peint portfolio-item nomargin\">\n\t\t\t\t\t\t\t\t<div class=\"portfolio-image\"><a href=\"https:\/\/peinture-piron.be\/?portfolio=salon\" title=\"Salon\"><div class=\"portfolio-image-img\"><img decoding=\"async\" src=\"https:\/\/peinture-piron.be\/wp-content\/uploads\/2019\/08\/20181226_145852-e1566381320566-600x400.jpg\" alt=\"Salon\" \/><\/div><div class=\"portfolio-overlay overlay-name\"><span>Salon<\/span><i class=\"icon-minti-plus\"><\/i><\/div><\/a><\/div>\n\t\t\t\t\t\t\t<\/div>\n\n\t\t\t\t\t\t\t\t\t\t  \n\t\t\t\t\t\n\t\t\t\t\t\t\n\t\t\t\t\t\t\n\t\t\t\t\t\n\t\t\t\t\t\t\t\t\t\t\t\t\t\t\n\t\t\t\t\t\t\t   \n\n\t\t\t\t\t\t\t<div class=\"term-papier-peint portfolio-item nomargin\">\n\t\t\t\t\t\t\t\t<div class=\"portfolio-image\"><a href=\"https:\/\/peinture-piron.be\/?portfolio=professionel\" title=\"Professionel\"><div class=\"portfolio-image-img\"><img decoding=\"async\" src=\"https:\/\/peinture-piron.be\/wp-content\/uploads\/2019\/08\/GOPR0135_1542102444738_high-600x400.jpg\" alt=\"Professionel\" \/><\/div><div class=\"portfolio-overlay overlay-name\"><span>Professionel<\/span><i class=\"icon-minti-plus\"><\/i><\/div><\/a><\/div>\n\t\t\t\t\t\t\t<\/div>\n\n\t\t\t\t\t\t\t\t\t\t  \n\t\t\t\t\t\n\t\t\t\t\t\t\n\t\t\t\t\t\t\n\t\t\t\t\t\n\t\t\t\t\t\t\t\t\t\t\t\t\t\t\n\t\t\t\t\t\t\t   \n\n\t\t\t\t\t\t\t<div class=\"term-papier-peint portfolio-item nomargin\">\n\t\t\t\t\t\t\t\t<div class=\"portfolio-image\"><a href=\"https:\/\/peinture-piron.be\/?portfolio=hall\" title=\"Hall\"><div class=\"portfolio-image-img\"><img decoding=\"async\" src=\"https:\/\/peinture-piron.be\/wp-content\/uploads\/2019\/08\/IMG_20170317_085059-600x400.jpg\" alt=\"Hall\" \/><\/div><div class=\"portfolio-overlay overlay-name\"><span>Hall<\/span><i class=\"icon-minti-plus\"><\/i><\/div><\/a><\/div>\n\t\t\t\t\t\t\t<\/div>\n\n\t\t\t\t\t\t\t\t\t\t  \n\t\t\t\t\t\n\t\t\t\t\t\t\n\t\t\t\t\t\t\n\t\t\t\t\t\n\t\t\t\t\t\t\t\t\t\t\t\t\t\t\n\t\t\t\t\t\t\t   \n\n\t\t\t\t\t\t\t<div class=\"term-papier-peint portfolio-item nomargin\">\n\t\t\t\t\t\t\t\t<div class=\"portfolio-image\"><a href=\"https:\/\/peinture-piron.be\/?portfolio=cuisine\" title=\"Cuisine\"><div class=\"portfolio-image-img\"><img decoding=\"async\" src=\"https:\/\/peinture-piron.be\/wp-content\/uploads\/2019\/08\/GOPR0057_1542102444738_high-600x400.jpg\" alt=\"Cuisine\" \/><\/div><div class=\"portfolio-overlay overlay-name\"><span>Cuisine<\/span><i class=\"icon-minti-plus\"><\/i><\/div><\/a><\/div>\n\t\t\t\t\t\t\t<\/div>\n\n\t\t\t\t\t\t\t\t\t\t  \n\t\t\t\t\t\n\t\t\t\t\t\t\n\t\t\t\t\t\t\n\t\t\t\t\t\n\t\t\t\t\t\t\t\t\t\t\t\t\t\t\n\t\t\t\t\t\t\t   \n\n\t\t\t\t\t\t\t<div class=\"term-papier-peint portfolio-item nomargin\">\n\t\t\t\t\t\t\t\t<div class=\"portfolio-image\"><a href=\"https:\/\/peinture-piron.be\/?portfolio=chambre\" title=\"Chambre\"><div class=\"portfolio-image-img\"><img decoding=\"async\" src=\"https:\/\/peinture-piron.be\/wp-content\/uploads\/2019\/08\/IMG_20170310_104454-600x400.jpg\" alt=\"Chambre\" \/><\/div><div class=\"portfolio-overlay overlay-name\"><span>Chambre<\/span><i class=\"icon-minti-plus\"><\/i><\/div><\/a><\/div>\n\t\t\t\t\t\t\t<\/div>\n\n\t\t\t\t\t\t\t\t\t\t  \n\t\t\t\t\t\n\t\t\t\t\t\t\n\t\t\t\t\t\t\n\t\t\t\t\t\n\t\t\t\t\t\t\t\t\t\t\t\t\t\t\n\t\t\t\t\t\t\t   \n\n\t\t\t\t\t\t\t<div class=\"term-cloison-faux-plafond portfolio-item nomargin\">\n\t\t\t\t\t\t\t\t<div class=\"portfolio-image\"><a href=\"https:\/\/peinture-piron.be\/?portfolio=cloison-faux-plafond\" title=\"Cloison &#8211; Faux plafond\"><div class=\"portfolio-image-img\"><img decoding=\"async\" src=\"https:\/\/peinture-piron.be\/wp-content\/uploads\/2019\/08\/IMG_20180402_094045-600x400.jpg\" alt=\"Cloison &#8211; Faux plafond\" \/><\/div><div class=\"portfolio-overlay overlay-name\"><span>Cloison &#8211; Faux plafond<\/span><i class=\"icon-minti-plus\"><\/i><\/div><\/a><\/div>\n\t\t\t\t\t\t\t<\/div>\n\n\t\t\t\t\t\t\t\t\t\t  \n\t\t\t\t\t\n\t\t\t\t\t\t\n\t\t\t\t\t\t\n\t\t\t\t\t\n\t\t\t\t\t\t\t\t\t\t\t\t\t\t\n\t\t\t\t\t\t\t   \n\n\t\t\t\t\t\t\t<div class=\"term-chassis portfolio-item nomargin\">\n\t\t\t\t\t\t\t\t<div class=\"portfolio-image\"><a href=\"https:\/\/peinture-piron.be\/?portfolio=chassis\" title=\"Fen\u00eatre Stavelot\"><div class=\"portfolio-image-img\"><img decoding=\"async\" src=\"https:\/\/peinture-piron.be\/wp-content\/uploads\/2018\/09\/IMG_20180619_155801-600x400.jpg\" alt=\"Fen\u00eatre Stavelot\" \/><\/div><div class=\"portfolio-overlay overlay-name\"><span>Fen\u00eatre Stavelot<\/span><i class=\"icon-minti-plus\"><\/i><\/div><\/a><\/div>\n\t\t\t\t\t\t\t<\/div>\n\n\t\t\t\t\t\t\t\t\t\t  \n\t\t\t\t\t\n\t\t\t\t\t\t\n\t\t\t\t\t\t\n\t\t\t\t\t\n\t\t\t\t\t\t\t\t\t\t\t\t\t\t\n\t\t\t\t\t\t\t   \n\n\t\t\t\t\t\t\t<div class=\"term-chassis portfolio-item nomargin\">\n\t\t\t\t\t\t\t\t<div class=\"portfolio-image\"><a href=\"https:\/\/peinture-piron.be\/?portfolio=chassis-fenetre-wanne\" title=\"Fen\u00eatre Wanne\"><div class=\"portfolio-image-img\"><img decoding=\"async\" src=\"https:\/\/peinture-piron.be\/wp-content\/uploads\/2019\/08\/IMG_20170615_112946-600x400.jpg\" alt=\"Fen\u00eatre Wanne\" \/><\/div><div class=\"portfolio-overlay overlay-name\"><span>Fen\u00eatre Wanne<\/span><i class=\"icon-minti-plus\"><\/i><\/div><\/a><\/div>\n\t\t\t\t\t\t\t<\/div>\n\n\t\t\t\t\t\t\t\t\t\t  \n\t\t\t\t\t\t\t\t\t<\/div>\n\n\t\n\t<\/div>\n\t\t\n\t\t\n\t[\/vc_column][\/vc_row][vc_row][vc_column][vc_column_text]\r\n\r\n\r\n\r\n<hr class=\"wp-block-separator is-style-wide\"\/>\r\n\r\n\r\n\r\n<p>[\/vc_column_text][\/vc_column][\/vc_row][vc_row top_padding=&#8221;20&#8243; bottom_padding=&#8221;20&#8243; bg_position=&#8221;left top&#8221;][vc_column bg_color=&#8221;#FFFFFF&#8221; column_padding=&#8221;padding-5&#8243; column_center=&#8221;true&#8221; width=&#8221;1\/3&#8243;][\/vc_column][vc_column bg_color=&#8221;#45AD9D&#8221; column_padding=&#8221;padding-5&#8243; column_center=&#8221;true&#8221; width=&#8221;1\/3&#8243;][vc_column_text]<\/p>\n<p style=\"text-align: center;\"><a href=\"http:\/\/peinture-piron.be\/?page_id=15719\" target=\"_blank\" class=\"button #4F8DCA large \" style=\"border-radius: 2px;\">Au jour, le jour.<\/a>\n<p>[\/vc_column_text][\/vc_column][vc_column bg_color=&#8221;#FFFFFF&#8221; column_padding=&#8221;padding-5&#8243; column_center=&#8221;true&#8221; width=&#8221;1\/3&#8243;][vc_column_text] [\/vc_column_text][\/vc_column][\/vc_row][vc_row][vc_column][vc_column_text]<\/p>\n[\/vc_column_text][\/vc_column][\/vc_row]","protected":false},"excerpt":{"rendered":"<p>[vc_row][vc_column width=&#8221;1\/1&#8243;][\/vc_column][\/vc_row][vc_row][vc_column][vc_column_text] [\/vc_column_text][\/vc_column][\/vc_row][vc_row][vc_column column_padding=&#8221;padding-4&#8243; column_center=&#8221;true&#8221; width=&#8221;1\/1&#8243;][\/vc_column][\/vc_row][vc_row][vc_column][vc_column_text] [\/vc_column_text][\/vc_column][\/vc_row]<\/p>\n","protected":false},"author":1,"featured_media":0,"parent":0,"menu_order":0,"comment_status":"open","ping_status":"open","template":"","meta":{"footnotes":""},"class_list":["post-9413","page","type-page","status-publish","hentry"],"_links":{"self":[{"href":"https:\/\/peinture-piron.be\/index.php?rest_route=\/wp\/v2\/pages\/9413","targetHints":{"allow":["GET"]}}],"collection":[{"href":"https:\/\/peinture-piron.be\/index.php?rest_route=\/wp\/v2\/pages"}],"about":[{"href":"https:\/\/peinture-piron.be\/index.php?rest_route=\/wp\/v2\/types\/page"}],"author":[{"embeddable":true,"href":"https:\/\/peinture-piron.be\/index.php?rest_route=\/wp\/v2\/users\/1"}],"replies":[{"embeddable":true,"href":"https:\/\/peinture-piron.be\/index.php?rest_route=%2Fwp%2Fv2%2Fcomments&post=9413"}],"version-history":[{"count":48,"href":"https:\/\/peinture-piron.be\/index.php?rest_route=\/wp\/v2\/pages\/9413\/revisions"}],"predecessor-version":[{"id":16082,"href":"https:\/\/peinture-piron.be\/index.php?rest_route=\/wp\/v2\/pages\/9413\/revisions\/16082"}],"wp:attachment":[{"href":"https:\/\/peinture-piron.be\/index.php?rest_route=%2Fwp%2Fv2%2Fmedia&parent=9413"}],"curies":[{"name":"wp","href":"https:\/\/api.w.org\/{rel}","templated":true}]}}